{"id":115,"date":"2019-04-27T16:52:23","date_gmt":"2019-04-27T14:52:23","guid":{"rendered":"http:\/\/xn--espace-nergy-heb.fr\/?page_id=115"},"modified":"2024-05-09T15:33:06","modified_gmt":"2024-05-09T13:33:06","slug":"les-formations","status":"publish","type":"page","link":"https:\/\/www.espace-energy.com\/?page_id=115","title":{"rendered":"Formations"},"content":{"rendered":"\n<p><\/p>\n\n\n\n<p class=\"has-text-align-center has-vivid-red-color has-text-color\" style=\"font-size:44px\"><strong>Formation au Massage QI DAO<\/strong><\/p>\n\n\n\n<p class=\"has-text-align-center has-vivid-red-color has-text-color\" style=\"font-size:44px\"><strong>selon les principes<\/strong><br><strong>de la M\u00e9decine Traditionnelle Chinoise<\/strong><\/p>\n\n\n\n<div class=\"wp-block-image\"><figure class=\"aligncenter size-large is-resized\"><img loading=\"lazy\" src=\"https:\/\/www.espace-energy.com\/wp-content\/uploads\/2020\/02\/japanese-cherry-trees-324187_1920-1024x683.jpg\" alt=\"\" class=\"wp-image-348\" width=\"433\" height=\"288\" srcset=\"https:\/\/www.espace-energy.com\/wp-content\/uploads\/2020\/02\/japanese-cherry-trees-324187_1920-1024x683.jpg 1024w, https:\/\/www.espace-energy.com\/wp-content\/uploads\/2020\/02\/japanese-cherry-trees-324187_1920-300x200.jpg 300w, https:\/\/www.espace-energy.com\/wp-content\/uploads\/2020\/02\/japanese-cherry-trees-324187_1920-768x512.jpg 768w, https:\/\/www.espace-energy.com\/wp-content\/uploads\/2020\/02\/japanese-cherry-trees-324187_1920-1536x1024.jpg 1536w, https:\/\/www.espace-energy.com\/wp-content\/uploads\/2020\/02\/japanese-cherry-trees-324187_1920-272x182.jpg 272w, https:\/\/www.espace-energy.com\/wp-content\/uploads\/2020\/02\/japanese-cherry-trees-324187_1920.jpg 1920w\" sizes=\"(max-width: 433px) 100vw, 433px\" \/><\/figure><\/div>\n\n\n\n<p><\/p>\n\n\n\n<p>Cette formation se d\u00e9roule sur 5 jours cons\u00e9cutifs, en pr\u00e9sentiel, et s&rsquo;adresse aux personnes qui souhaitent orienter leur carri\u00e8re vers le massage, ou vers un choix personnel, familial&#8230;&#8230;<\/p>\n\n\n\n<p><strong>Pour 2024 : la formation aura lieu dans le Gard, proche d&rsquo;Al\u00e8s, du 25 au 29 septembre<\/strong><br>Dans un cadre verdoyant pr\u00e8s d&rsquo;une magnifique rivi\u00e8re !<\/p>\n\n\n\n<div class=\"wp-block-image\"><figure class=\"aligncenter size-large is-resized\"><img loading=\"lazy\" src=\"https:\/\/www.espace-energy.com\/wp-content\/uploads\/2024\/05\/Riviere-chez-Magali-1024x768.jpg\" alt=\"\" class=\"wp-image-653\" width=\"423\" height=\"317\" srcset=\"https:\/\/www.espace-energy.com\/wp-content\/uploads\/2024\/05\/Riviere-chez-Magali-1024x768.jpg 1024w, https:\/\/www.espace-energy.com\/wp-content\/uploads\/2024\/05\/Riviere-chez-Magali-300x225.jpg 300w, https:\/\/www.espace-energy.com\/wp-content\/uploads\/2024\/05\/Riviere-chez-Magali-768x576.jpg 768w, https:\/\/www.espace-energy.com\/wp-content\/uploads\/2024\/05\/Riviere-chez-Magali-1536x1152.jpg 1536w, https:\/\/www.espace-energy.com\/wp-content\/uploads\/2024\/05\/Riviere-chez-Magali.jpg 1600w\" sizes=\"(max-width: 423px) 100vw, 423px\" \/><\/figure><\/div>\n\n\n\n<p><\/p>\n\n\n\n<p><strong>Possibilit\u00e9 d&rsquo;h\u00e9bergement sur place : Magali 0614806365<\/strong><\/p>\n\n\n\n<p>Une magnifique cuisine est \u00e0 disposition pour se restaurer.<\/p>\n\n\n\n<p>A l\u2019issue de cette formation vous aurez acquis des notions de MTC. Vous serez capable de r\u00e9aliser un massage qui utilise les principes de la MTC, vous saurez localiser les m\u00e9ridiens et certains grands points d\u2019acupuncture. Gr\u00e2ce \u00e0 cela, vos gestes seront appropri\u00e9s, ma\u00eetris\u00e9s, correctement dirig\u00e9s et r\u00e9alis\u00e9s en \u00ab&nbsp;conscience&nbsp;\u00bb. <\/p>\n\n\n\n<p>Ce massage a un double effet, celui de d\u00e9tendre profond\u00e9ment la personne et celui de <strong>remettre en circulation toutes ses \u00e9nergies<\/strong>.  Il prend en consid\u00e9ration, tous les organes du corps et toutes les \u00e9motions reli\u00e9es \u00e0 ces organes. Durant la s\u00e9ance, beaucoup de tensions, blocages, vont dispara\u00eetre. C\u2019est un massage qui soulagera bien des maux \u00e0 votre entourage et \u00e0 vos clients.<\/p>\n\n\n\n<p>On peut dire avec certitude qu\u2019il permet l\u2019entretien de la bonne sant\u00e9&nbsp;! <\/p>\n\n\n\n<p>La validation se fera le dernier jour de formation o\u00f9 vous r\u00e9aliserez votre massage int\u00e9gral. Une attestation de fin de stage vous sera remise.<\/p>\n\n\n\n<p>Le tarif est de   1 000 \u20ac pour les 5 jours de formation (en auto-financement).<br>Un acompte de 200 \u20ac est demand\u00e9 pour la r\u00e9servation.<\/p>\n\n\n\n<p>Elle se fera avec un groupe de 6 personnes maximum<\/p>\n\n\n\n<p>Je suis \u00e9galement ouverte \u00e0 toutes vos suggestions si vous avez des souhaits de dates et de lieux car je peux aussi me d\u00e9placer dans votre secteur.&nbsp;<br><br><br><br><br><\/p>\n\n\n\n<p class=\"has-text-align-center\"> <\/p>\n\n\n\n<p class=\"has-text-align-left has-vivid-cyan-blue-color has-text-color has-small-font-size\"> Contact&nbsp;:<br> Nadine BLANC<br> 06.22.70.26.50.<br> <a href=\"mailto:espacenergy22@gmail.com\">espacenergy22@gmail.com<\/a><\/p>\n\n\n\n<p><\/p>\n","protected":false},"excerpt":{"rendered":"<p>Formation au Massage QI DAO selon les principesde la M\u00e9decine Traditionnelle Chinoise Cette formation se d\u00e9roule sur 5 jours cons\u00e9cutifs, en pr\u00e9sentiel, et s&rsquo;adresse aux personnes qui souhaitent orienter leur carri\u00e8re vers le massage, ou vers un choix personnel, familial&#8230;&#8230; Pour 2024 : la formation aura lieu dans le Gard, proche d&rsquo;Al\u00e8s, du 25 au &hellip; <\/p>\n<p class=\"link-more\"><a href=\"https:\/\/www.espace-energy.com\/?page_id=115\" class=\"more-link\">Continuer la lecture<span class=\"screen-reader-text\"> de &laquo;&nbsp;Formations&nbsp;&raquo;<\/span><\/a><\/p>\n","protected":false},"author":2,"featured_media":0,"parent":0,"menu_order":0,"comment_status":"open","ping_status":"closed","template":"","meta":[],"_links":{"self":[{"href":"https:\/\/www.espace-energy.com\/index.php?rest_route=\/wp\/v2\/pages\/115"}],"collection":[{"href":"https:\/\/www.espace-energy.com\/index.php?rest_route=\/wp\/v2\/pages"}],"about":[{"href":"https:\/\/www.espace-energy.com\/index.php?rest_route=\/wp\/v2\/types\/page"}],"author":[{"embeddable":true,"href":"https:\/\/www.espace-energy.com\/index.php?rest_route=\/wp\/v2\/users\/2"}],"replies":[{"embeddable":true,"href":"https:\/\/www.espace-energy.com\/index.php?rest_route=%2Fwp%2Fv2%2Fcomments&post=115"}],"version-history":[{"count":42,"href":"https:\/\/www.espace-energy.com\/index.php?rest_route=\/wp\/v2\/pages\/115\/revisions"}],"predecessor-version":[{"id":657,"href":"https:\/\/www.espace-energy.com\/index.php?rest_route=\/wp\/v2\/pages\/115\/revisions\/657"}],"wp:attachment":[{"href":"https:\/\/www.espace-energy.com\/index.php?rest_route=%2Fwp%2Fv2%2Fmedia&parent=115"}],"curies":[{"name":"wp","href":"https:\/\/api.w.org\/{rel}","templated":true}]}}