{"id":16,"date":"2019-04-18T18:18:38","date_gmt":"2019-04-18T16:18:38","guid":{"rendered":"http:\/\/xn--espace-nergy-heb.fr\/?page_id=16"},"modified":"2023-10-05T17:48:32","modified_gmt":"2023-10-05T15:48:32","slug":"acceuil","status":"publish","type":"page","link":"https:\/\/www.espace-energy.com\/","title":{"rendered":"Accueil"},"content":{"rendered":"\n<p><\/p>\n\n\n\n<figure class=\"wp-block-gallery aligncenter columns-1 is-cropped\"><ul class=\"blocks-gallery-grid\"><li class=\"blocks-gallery-item\"><figure><img loading=\"lazy\" width=\"640\" height=\"426\" src=\"http:\/\/xn--espace-nergy-heb.fr\/wp-content\/uploads\/2020\/02\/10847836_921091621242310_1149857556103838675_n-1.jpeg\" alt=\"\" data-id=\"277\" data-full-url=\"http:\/\/xn--espace-nergy-heb.fr\/wp-content\/uploads\/2020\/02\/10847836_921091621242310_1149857556103838675_n-1.jpeg\" data-link=\"http:\/\/xn--espace-nergy-heb.fr\/?attachment_id=277\" class=\"wp-image-277\" srcset=\"https:\/\/www.espace-energy.com\/wp-content\/uploads\/2020\/02\/10847836_921091621242310_1149857556103838675_n-1.jpeg 640w, https:\/\/www.espace-energy.com\/wp-content\/uploads\/2020\/02\/10847836_921091621242310_1149857556103838675_n-1-300x200.jpeg 300w, https:\/\/www.espace-energy.com\/wp-content\/uploads\/2020\/02\/10847836_921091621242310_1149857556103838675_n-1-272x182.jpeg 272w\" sizes=\"(max-width: 640px) 100vw, 640px\" \/><\/figure><\/li><\/ul><\/figure>\n\n\n\n<p class=\"has-text-align-center\" style=\"font-size:22px\"><br><em><strong>LIBRE D\u2019\u00caTRE SOI<\/strong><\/em><\/p>\n\n\n\n<p class=\"has-text-align-center\">\u00ab\u00a0<em>J&rsquo;avance sur mon chemin et je laisse mes fardeaux sur le c\u00f4t\u00e9&#8230;..<\/em>\u00ab\u00a0<\/p>\n\n\n\n<h3 class=\"has-text-align-left\"><em><strong>Mes  outils<\/strong><\/em> :<\/h3>\n\n\n\n<ul><li>La lib\u00e9ration \u00e9nerg\u00e9tique (Delphinenergie)<\/li><\/ul>\n\n\n\n<ul><li>Le massage \u00e9nerg\u00e9tique selon les principes de la M\u00e9decine Traditionnelle Chinoise<br><\/li><\/ul>\n\n\n\n<div class=\"wp-block-image\"><figure class=\"aligncenter size-large is-resized\"><img loading=\"lazy\" src=\"http:\/\/xn--espace-nergy-heb.fr\/wp-content\/uploads\/2020\/02\/1497688_637392716304444_1334846663_n-1-1.jpeg\" alt=\"\" class=\"wp-image-305\" width=\"128\" height=\"140\" srcset=\"https:\/\/www.espace-energy.com\/wp-content\/uploads\/2020\/02\/1497688_637392716304444_1334846663_n-1-1.jpeg 480w, https:\/\/www.espace-energy.com\/wp-content\/uploads\/2020\/02\/1497688_637392716304444_1334846663_n-1-1-274x300.jpeg 274w\" sizes=\"(max-width: 128px) 100vw, 128px\" \/><\/figure><\/div>\n\n\n\n<p class=\"has-text-align-center\"><strong>Contact <\/strong>:<\/p>\n\n\n\n<p class=\"has-text-align-center\">06 22 70 26 50<br><br> <a href=\"mailto:espacenergy22@gmail.com\">espacenergy22@gmail.com<\/a>    <\/p>\n\n\n\n<p class=\"has-text-align-center\">Je vous re\u00e7ois \u00e0 :<br><br>&#8211; La Bouilladisse (13)<br><\/p>\n\n\n\n<div class=\"wp-block-image\"><figure class=\"aligncenter is-resized\"><img loading=\"lazy\" src=\"http:\/\/xn--espace-nergy-heb.fr\/wp-content\/uploads\/2019\/11\/FB_IMG_1484125233289.jpg\" alt=\"\" class=\"wp-image-194\" width=\"267\" height=\"402\" srcset=\"https:\/\/www.espace-energy.com\/wp-content\/uploads\/2019\/11\/FB_IMG_1484125233289.jpg 441w, https:\/\/www.espace-energy.com\/wp-content\/uploads\/2019\/11\/FB_IMG_1484125233289-199x300.jpg 199w\" sizes=\"(max-width: 267px) 100vw, 267px\" \/><figcaption><br><\/figcaption><\/figure><\/div>\n\n\n\n<p class=\"has-text-color\" style=\"color:#6a00a3\"> Pour vous inscrire \u00e0 ma newsletter, il suffit de cliquer ici <img loading=\"lazy\" width=\"1280\" height=\"836\" class=\"wp-image-486\" style=\"width: 13px;\" src=\"http:\/\/xn--espace-nergy-heb.fr\/wp-content\/uploads\/2020\/03\/arrow-2207748_1280.png\" alt=\"\" srcset=\"https:\/\/www.espace-energy.com\/wp-content\/uploads\/2020\/03\/arrow-2207748_1280.png 1280w, https:\/\/www.espace-energy.com\/wp-content\/uploads\/2020\/03\/arrow-2207748_1280-300x196.png 300w, https:\/\/www.espace-energy.com\/wp-content\/uploads\/2020\/03\/arrow-2207748_1280-1024x669.png 1024w, https:\/\/www.espace-energy.com\/wp-content\/uploads\/2020\/03\/arrow-2207748_1280-768x502.png 768w\" sizes=\"(max-width: 767px) 89vw, (max-width: 1000px) 54vw, (max-width: 1071px) 543px, 580px\" \/> <a rel=\"noreferrer noopener\" href=\"mailto:espacenergy22@gmail.com?subject=Je%20d%C3%A9sire%20m'inscrire%20%C3%A0%20cette%20infolettre&amp;body=Bienvenu%20(e)%20!%0A%0AMerci%20d'indiquer%20vos%20%3A%0A%0ANom%20%3A%0A%0APr%C3%A9nom%20%3A\" target=\"_blank\">espacenergy22@gmail.com<\/a><br><\/p>\n\n\n\n<p><\/p>\n\n\n\n<p class=\"has-text-align-center\"> <strong><div class=\"sfsi_widget sfsi_shortcode_container\"><div id=\"sfsi_wDiv\"><\/div><div class=\"norm_row sfsi_wDiv \"  style=\"width:225px;text-align:left;\"><div style='width:40px; height:40px;margin-left:5px;margin-bottom:5px; ' class='sfsi_wicons shuffeldiv ' ><div class='inerCnt'><a class=' sficn' data-effect='' target='_blank'  href='https:\/\/www.facebook.com\/mtckobidelph' id='sfsiid_facebook' style='opacity:1'  ><img data-pin-nopin='true' alt='Facebook' title='Facebook' src='https:\/\/www.espace-energy.com\/wp-content\/plugins\/ultimate-social-media-icons\/images\/icons_theme\/default\/default_facebook.png' width='40' height='40' style='' class='sfcm sfsi_wicon ' data-effect=''   \/><\/a><div class=\"sfsi_tool_tip_2 fb_tool_bdr sfsiTlleft\" style=\"width:62px ;opacity:0;z-index:-1;margin-left:-47.5px;\" id=\"sfsiid_facebook\"><span class=\"bot_arow bot_fb_arow\"><\/span><div class=\"sfsi_inside\"><div  class='icon2'><div class=\"fb-like\" data-href=\"https:\/\/www.espace-energy.com\/?rest_route=\/wp\/v2\/pages\/16\" data-layout=\"button\" data-action=\"like\" data-show-faces=\"false\" data-share=\"true\"><\/div><\/div><div  class='icon3'><a target='_blank' href='https:\/\/www.facebook.com\/sharer\/sharer.php?u=https%3A%2F%2Fwww.espace-energy.com%2F%3Frest_route%3D%2Fwp%2Fv2%2Fpages%2F16' style='display:inline-block;'  > <img class='sfsi_wicon'  data-pin-nopin='true' width='auto' height='auto' alt='fb-share-icon' title='Facebook Share' src='https:\/\/www.espace-energy.com\/wp-content\/plugins\/ultimate-social-media-icons\/images\/visit_icons\/fbshare_bck.png'  \/><\/a><\/div><\/div><\/div><\/div><\/div><\/div ><div id=\"sfsi_holder\" class=\"sfsi_holders\" style=\"position: relative; float: left;width:100%;z-index:-1;\"><\/div ><script>window.addEventListener(\"sfsi_functions_loaded\", function() \n\t\t\t{\n\t\t\t\tif (typeof sfsi_widget_set == \"function\") {\n\t\t\t\t\tsfsi_widget_set();\n\t\t\t\t}\n\t\t\t}); <\/script><div style=\"clear: both;\"><\/div><\/div><\/strong> <\/p>\n\n\n\n<p class=\"has-text-align-left\"><br><br><\/p>\n\n\n\n<p class=\"has-text-align-center has-text-color has-large-font-size\" style=\"color:#6f00a3\">***<\/p>\n\n\n\n<p class=\"has-text-align-center\">Pr\u00e9vention de sant\u00e9 naturelle<br><br><strong>Ces soins ne se substituent pas \u00e0 un traitement m\u00e9dical<\/strong><\/p>\n","protected":false},"excerpt":{"rendered":"<p>LIBRE D\u2019\u00caTRE SOI \u00ab\u00a0J&rsquo;avance sur mon chemin et je laisse mes fardeaux sur le c\u00f4t\u00e9&#8230;..\u00ab\u00a0 Mes outils : La lib\u00e9ration \u00e9nerg\u00e9tique (Delphinenergie) Le massage \u00e9nerg\u00e9tique selon les principes de la M\u00e9decine Traditionnelle Chinoise Contact : 06 22 70 26 50 espacenergy22@gmail.com Je vous re\u00e7ois \u00e0 : &#8211; La Bouilladisse (13) Pour vous inscrire \u00e0 ma &hellip; <\/p>\n<p class=\"link-more\"><a href=\"https:\/\/www.espace-energy.com\/\" class=\"more-link\">Continuer la lecture<span class=\"screen-reader-text\"> de &laquo;&nbsp;Accueil&nbsp;&raquo;<\/span><\/a><\/p>\n","protected":false},"author":2,"featured_media":0,"parent":0,"menu_order":0,"comment_status":"closed","ping_status":"closed","template":"","meta":[],"_links":{"self":[{"href":"https:\/\/www.espace-energy.com\/index.php?rest_route=\/wp\/v2\/pages\/16"}],"collection":[{"href":"https:\/\/www.espace-energy.com\/index.php?rest_route=\/wp\/v2\/pages"}],"about":[{"href":"https:\/\/www.espace-energy.com\/index.php?rest_route=\/wp\/v2\/types\/page"}],"author":[{"embeddable":true,"href":"https:\/\/www.espace-energy.com\/index.php?rest_route=\/wp\/v2\/users\/2"}],"replies":[{"embeddable":true,"href":"https:\/\/www.espace-energy.com\/index.php?rest_route=%2Fwp%2Fv2%2Fcomments&post=16"}],"version-history":[{"count":56,"href":"https:\/\/www.espace-energy.com\/index.php?rest_route=\/wp\/v2\/pages\/16\/revisions"}],"predecessor-version":[{"id":631,"href":"https:\/\/www.espace-energy.com\/index.php?rest_route=\/wp\/v2\/pages\/16\/revisions\/631"}],"wp:attachment":[{"href":"https:\/\/www.espace-energy.com\/index.php?rest_route=%2Fwp%2Fv2%2Fmedia&parent=16"}],"curies":[{"name":"wp","href":"https:\/\/api.w.org\/{rel}","templated":true}]}}