{"id":6,"date":"2019-04-17T22:06:52","date_gmt":"2019-04-17T20:06:52","guid":{"rendered":"http:\/\/xn--espace-nergy-heb.fr\/?page_id=6"},"modified":"2021-05-19T11:32:06","modified_gmt":"2021-05-19T09:32:06","slug":"descriptipon","status":"publish","type":"page","link":"https:\/\/www.espace-energy.com\/?page_id=6","title":{"rendered":"Pr\u00e9sentation"},"content":{"rendered":"\n<figure class=\"wp-block-gallery alignleft columns-1 is-cropped\"><ul class=\"blocks-gallery-grid\"><li class=\"blocks-gallery-item\"><figure><img loading=\"lazy\" width=\"684\" height=\"960\" src=\"http:\/\/xn--espace-nergy-heb.fr\/wp-content\/uploads\/2020\/02\/86502560_2884825911593902_1294212253469376512_n.jpg\" alt=\"\" data-id=\"343\" data-full-url=\"http:\/\/xn--espace-nergy-heb.fr\/wp-content\/uploads\/2020\/02\/86502560_2884825911593902_1294212253469376512_n.jpg\" data-link=\"http:\/\/xn--espace-nergy-heb.fr\/?attachment_id=343\" class=\"wp-image-343\" srcset=\"https:\/\/www.espace-energy.com\/wp-content\/uploads\/2020\/02\/86502560_2884825911593902_1294212253469376512_n.jpg 684w, https:\/\/www.espace-energy.com\/wp-content\/uploads\/2020\/02\/86502560_2884825911593902_1294212253469376512_n-214x300.jpg 214w\" sizes=\"(max-width: 684px) 100vw, 684px\" \/><\/figure><\/li><\/ul><\/figure>\n\n\n\n<p class=\"has-drop-cap\"><br>Mon besoin de recherche de  et de d\u00e9veloppement personnel a commenc\u00e9 d\u00e8s mon plus jeune \u00e2ge. Tr\u00e8s t\u00f4t j&rsquo;ai cherch\u00e9 \u00e0 comprendre qui j\u2019\u00e9tais et quel \u00e9tait ce monde dans lequel j\u2019\u00e9voluais. Questions existentielles qui ont trouv\u00e9 des compr\u00e9hensions plus tard gr\u00e2ce \u00e0 de nombreux s\u00e9minaires de d\u00e9veloppement personnel, mes formations et \u00e0 mon parcours de vie.<br><br>La premi\u00e8re partie de ma vie professionnelle m\u2019am\u00e8ne \u00e0 travailler dans une branche administrative du secteur m\u00e9dical, jusqu&rsquo;en 1999 o\u00f9 ma vie s\u2019oriente vers la M\u00e9decine Traditionnelle Chinoise et la Sinologie que j\u2019\u00e9tudie au Coll\u00e8ge Sf\u00e8re \u00e0 Aix en Provence de 2000 \u00e0 2006.  J\u2019acquiers mes dipl\u00f4mes ainsi que celui de la F\u00e9d\u00e9ration en 2004.  Parall\u00e8lement je m\u2019int\u00e9resse et participe \u00e0 de multiples stages afin de travailler sur moi et acqu\u00e9rir de nouveaux outils. <br><br>L\u2019ann\u00e9e suivante je me forme \u00e0 la DelphinEnergie, formation prodigu\u00e9e par D. DAWID allemand, de passage en France, qui m\u2019a ouvert \u00e0 de nouveaux horizons, celui de l\u2019\u00e9nergie des dauphins.<br><br>En 2010 je me forme au massage selon les principes de la MTC avec Margarette Chiousse. Gr\u00e2ce \u00e0 mon parcours \u00e0 la Sf\u00e8re, je suis en mesure de r\u00e9aliser un massage alliant les points d\u2019acupuncture en rapport avec le besoin de la personne. <br><br>Sur mon chemin de recherche, j\u2019ai aussi crois\u00e9 l\u2019\u00e9tude du Feng Shui, de la num\u00e9rologie, des soins ess\u00e9niens, des huiles sacr\u00e9es, de l\u2019hypnose ericksonienne, des \u00e9lixirs floraux, du yoga, de la m\u00e9ditation \u2026 et ce n&rsquo;est pas fini,  tant de domaines m&rsquo;int\u00e9ressent. <br><br><\/p>\n\n\n\n<figure class=\"wp-block-gallery columns-3 is-cropped\"><ul class=\"blocks-gallery-grid\"><li class=\"blocks-gallery-item\"><figure><img loading=\"lazy\" width=\"1024\" height=\"768\" src=\"http:\/\/xn--espace-nergy-heb.fr\/wp-content\/uploads\/2020\/02\/IMG_20200223_175321-1024x768.jpg\" alt=\"\" data-id=\"406\" data-full-url=\"http:\/\/xn--espace-nergy-heb.fr\/wp-content\/uploads\/2020\/02\/IMG_20200223_175321-scaled.jpg\" data-link=\"http:\/\/xn--espace-nergy-heb.fr\/?attachment_id=406\" class=\"wp-image-406\" srcset=\"https:\/\/www.espace-energy.com\/wp-content\/uploads\/2020\/02\/IMG_20200223_175321-1024x768.jpg 1024w, https:\/\/www.espace-energy.com\/wp-content\/uploads\/2020\/02\/IMG_20200223_175321-300x225.jpg 300w, https:\/\/www.espace-energy.com\/wp-content\/uploads\/2020\/02\/IMG_20200223_175321-768x576.jpg 768w, https:\/\/www.espace-energy.com\/wp-content\/uploads\/2020\/02\/IMG_20200223_175321-1536x1152.jpg 1536w, https:\/\/www.espace-energy.com\/wp-content\/uploads\/2020\/02\/IMG_20200223_175321-2048x1536.jpg 2048w\" sizes=\"(max-width: 767px) 89vw, (max-width: 1000px) 54vw, (max-width: 1071px) 543px, 580px\" \/><\/figure><\/li><li class=\"blocks-gallery-item\"><figure><img loading=\"lazy\" width=\"1024\" height=\"768\" src=\"http:\/\/xn--espace-nergy-heb.fr\/wp-content\/uploads\/2020\/02\/IMG_20200223_175413-1024x768.jpg\" alt=\"\" data-id=\"407\" data-full-url=\"http:\/\/xn--espace-nergy-heb.fr\/wp-content\/uploads\/2020\/02\/IMG_20200223_175413-scaled.jpg\" data-link=\"http:\/\/xn--espace-nergy-heb.fr\/?attachment_id=407\" class=\"wp-image-407\" srcset=\"https:\/\/www.espace-energy.com\/wp-content\/uploads\/2020\/02\/IMG_20200223_175413-1024x768.jpg 1024w, https:\/\/www.espace-energy.com\/wp-content\/uploads\/2020\/02\/IMG_20200223_175413-300x225.jpg 300w, https:\/\/www.espace-energy.com\/wp-content\/uploads\/2020\/02\/IMG_20200223_175413-768x576.jpg 768w, https:\/\/www.espace-energy.com\/wp-content\/uploads\/2020\/02\/IMG_20200223_175413-1536x1152.jpg 1536w, https:\/\/www.espace-energy.com\/wp-content\/uploads\/2020\/02\/IMG_20200223_175413-2048x1536.jpg 2048w\" sizes=\"(max-width: 767px) 89vw, (max-width: 1000px) 54vw, (max-width: 1071px) 543px, 580px\" \/><\/figure><\/li><li class=\"blocks-gallery-item\"><figure><img loading=\"lazy\" width=\"1024\" height=\"768\" src=\"http:\/\/xn--espace-nergy-heb.fr\/wp-content\/uploads\/2020\/02\/IMG_20200223_175639-1024x768.jpg\" alt=\"\" data-id=\"408\" data-full-url=\"http:\/\/xn--espace-nergy-heb.fr\/wp-content\/uploads\/2020\/02\/IMG_20200223_175639-scaled.jpg\" data-link=\"http:\/\/xn--espace-nergy-heb.fr\/?attachment_id=408\" class=\"wp-image-408\" srcset=\"https:\/\/www.espace-energy.com\/wp-content\/uploads\/2020\/02\/IMG_20200223_175639-1024x768.jpg 1024w, https:\/\/www.espace-energy.com\/wp-content\/uploads\/2020\/02\/IMG_20200223_175639-300x225.jpg 300w, https:\/\/www.espace-energy.com\/wp-content\/uploads\/2020\/02\/IMG_20200223_175639-768x576.jpg 768w, https:\/\/www.espace-energy.com\/wp-content\/uploads\/2020\/02\/IMG_20200223_175639-1536x1152.jpg 1536w, https:\/\/www.espace-energy.com\/wp-content\/uploads\/2020\/02\/IMG_20200223_175639-2048x1536.jpg 2048w\" sizes=\"(max-width: 767px) 89vw, (max-width: 1000px) 54vw, (max-width: 1071px) 543px, 580px\" \/><\/figure><\/li><\/ul><\/figure>\n\n\n\n<p class=\"has-very-dark-gray-color has-text-color has-small-font-size\"> Contact&nbsp;:<br> Nadine BLANC<br> 06.22.70.26.50.<br> <a href=\"mailto:espacenergy22@gmail.com\">espacenergy22@gmail.com<\/a> <\/p>\n","protected":false},"excerpt":{"rendered":"<p>Mon besoin de recherche de et de d\u00e9veloppement personnel a commenc\u00e9 d\u00e8s mon plus jeune \u00e2ge. Tr\u00e8s t\u00f4t j&rsquo;ai cherch\u00e9 \u00e0 comprendre qui j\u2019\u00e9tais et quel \u00e9tait ce monde dans lequel j\u2019\u00e9voluais. Questions existentielles qui ont trouv\u00e9 des compr\u00e9hensions plus tard gr\u00e2ce \u00e0 de nombreux s\u00e9minaires de d\u00e9veloppement personnel, mes formations et \u00e0 mon parcours &hellip; <\/p>\n<p class=\"link-more\"><a href=\"https:\/\/www.espace-energy.com\/?page_id=6\" class=\"more-link\">Continuer la lecture<span class=\"screen-reader-text\"> de &laquo;&nbsp;Pr\u00e9sentation&nbsp;&raquo;<\/span><\/a><\/p>\n","protected":false},"author":2,"featured_media":0,"parent":0,"menu_order":0,"comment_status":"closed","ping_status":"closed","template":"","meta":[],"_links":{"self":[{"href":"https:\/\/www.espace-energy.com\/index.php?rest_route=\/wp\/v2\/pages\/6"}],"collection":[{"href":"https:\/\/www.espace-energy.com\/index.php?rest_route=\/wp\/v2\/pages"}],"about":[{"href":"https:\/\/www.espace-energy.com\/index.php?rest_route=\/wp\/v2\/types\/page"}],"author":[{"embeddable":true,"href":"https:\/\/www.espace-energy.com\/index.php?rest_route=\/wp\/v2\/users\/2"}],"replies":[{"embeddable":true,"href":"https:\/\/www.espace-energy.com\/index.php?rest_route=%2Fwp%2Fv2%2Fcomments&post=6"}],"version-history":[{"count":45,"href":"https:\/\/www.espace-energy.com\/index.php?rest_route=\/wp\/v2\/pages\/6\/revisions"}],"predecessor-version":[{"id":608,"href":"https:\/\/www.espace-energy.com\/index.php?rest_route=\/wp\/v2\/pages\/6\/revisions\/608"}],"wp:attachment":[{"href":"https:\/\/www.espace-energy.com\/index.php?rest_route=%2Fwp%2Fv2%2Fmedia&parent=6"}],"curies":[{"name":"wp","href":"https:\/\/api.w.org\/{rel}","templated":true}]}}